{"id":543,"date":"2025-06-30T15:37:58","date_gmt":"2025-06-30T15:37:58","guid":{"rendered":"https:\/\/carlanyman.com\/?page_id=543"},"modified":"2025-08-28T18:48:10","modified_gmt":"2025-08-28T18:48:10","slug":"texto","status":"publish","type":"page","link":"https:\/\/carlanyman.com\/index.php\/texto\/","title":{"rendered":"Texto"},"content":{"rendered":"\n<div class=\"wp-block-columns is-layout-flex wp-container-core-columns-is-layout-28f84493 wp-block-columns-is-layout-flex\">\n<div class=\"wp-block-column is-layout-flow wp-block-column-is-layout-flow\" style=\"flex-basis:33.33%\">\n<figure class=\"wp-block-image size-large\" style=\"margin-right:0;margin-left:0\"><a href=\"https:\/\/www.penguinlibros.com\/es\/literatura-contemporanea\/330286-libro-tener-la-carne-9788419437440\" target=\"_blank\" rel=\" noreferrer noopener\"><img loading=\"lazy\" decoding=\"async\" width=\"674\" height=\"1024\" src=\"https:\/\/carlanyman.com\/wp-content\/uploads\/2025\/06\/81vD5e54yRL._SL1500_-3-674x1024.jpg\" alt=\"\" class=\"wp-image-355\" srcset=\"https:\/\/carlanyman.com\/wp-content\/uploads\/2025\/06\/81vD5e54yRL._SL1500_-3-674x1024.jpg 674w, https:\/\/carlanyman.com\/wp-content\/uploads\/2025\/06\/81vD5e54yRL._SL1500_-3-198x300.jpg 198w, https:\/\/carlanyman.com\/wp-content\/uploads\/2025\/06\/81vD5e54yRL._SL1500_-3-768x1166.jpg 768w, https:\/\/carlanyman.com\/wp-content\/uploads\/2025\/06\/81vD5e54yRL._SL1500_-3.jpg 988w\" sizes=\"auto, (max-width: 674px) 100vw, 674px\" \/><\/a><\/figure>\n<\/div>\n\n\n\n<div class=\"wp-block-column is-layout-flow wp-block-column-is-layout-flow\" style=\"flex-basis:66.66%\">\n<p class=\"has-tertiary-color has-text-color has-link-color wp-elements-84f3beec84ceec9c2a3adb7415b9ed08\" style=\"font-size:clamp(21.536px, 1.346rem + ((1vw - 3.2px) * 1.53), 35px);\"><strong>TENER LA CARNE<\/strong><\/p>\n\n\n\n<p class=\"has-normal-font-size\">\u00abTremendamente perturbadora y divertida. Una novela donde el deseo y la muerte salen a tomar el sol\u00bb.<br>\u2014 <strong>M\u00f3nica Ojeda<\/strong><\/p>\n\n\n\n<p class=\"has-normal-font-size\">\u00abCon toda la seguridad, uno de los debuts m\u00e1s originales del panorama literario espa\u00f1ol\u00bb.<br>\u2014 <strong>Sara Barquinero<\/strong><\/p>\n\n\n\n<p><strong>Clic aqu\u00ed para leer un fragmento.<\/strong><\/p>\n<\/div>\n<\/div>\n\n\n\n<div style=\"height:80px\" aria-hidden=\"true\" class=\"wp-block-spacer\"><\/div>\n\n\n\n<div class=\"wp-block-columns is-layout-flex wp-container-core-columns-is-layout-28f84493 wp-block-columns-is-layout-flex\">\n<div class=\"wp-block-column is-layout-flow wp-block-column-is-layout-flow\" style=\"flex-basis:33.33%\">\n<figure class=\"wp-block-image size-large is-resized is-style-default\" style=\"margin-right:0;margin-left:0\"><a href=\"https:\/\/letraversal.com\/producto\/liquida-tuya-y-vertebrada-carla-nyman\/\" target=\"_blank\" rel=\" noreferrer noopener\"><img loading=\"lazy\" decoding=\"async\" width=\"625\" height=\"1024\" src=\"https:\/\/carlanyman.com\/wp-content\/uploads\/2025\/06\/Carla-Nyman_Liquida-tuya-y-vertebrada_cubierta-1-625x1024.png\" alt=\"\" class=\"wp-image-357\" style=\"width:300px\" srcset=\"https:\/\/carlanyman.com\/wp-content\/uploads\/2025\/06\/Carla-Nyman_Liquida-tuya-y-vertebrada_cubierta-1-625x1024.png 625w, https:\/\/carlanyman.com\/wp-content\/uploads\/2025\/06\/Carla-Nyman_Liquida-tuya-y-vertebrada_cubierta-1-183x300.png 183w, https:\/\/carlanyman.com\/wp-content\/uploads\/2025\/06\/Carla-Nyman_Liquida-tuya-y-vertebrada_cubierta-1-768x1258.png 768w, https:\/\/carlanyman.com\/wp-content\/uploads\/2025\/06\/Carla-Nyman_Liquida-tuya-y-vertebrada_cubierta-1-938x1536.png 938w, https:\/\/carlanyman.com\/wp-content\/uploads\/2025\/06\/Carla-Nyman_Liquida-tuya-y-vertebrada_cubierta-1.png 1026w\" sizes=\"auto, (max-width: 625px) 100vw, 625px\" \/><\/a><\/figure>\n<\/div>\n\n\n\n<div class=\"wp-block-column is-layout-flow wp-block-column-is-layout-flow\" style=\"flex-basis:66.66%\">\n<p class=\"has-tertiary-color has-text-color has-link-color wp-elements-63033baa028632b2592bc3db00221202\" style=\"font-size:clamp(21.536px, 1.346rem + ((1vw - 3.2px) * 1.53), 35px);\"><strong>L\u00cdQUIDA TUYA Y VERTEBRADA<\/strong><\/p>\n\n\n\n<p>\u00abHay en <em>L\u00edquida tuya y vertebrada<\/em> una noci\u00f3n del amor radicalmente cierta y escandalosa: el amor es una trama de procesos fisiol\u00f3gicos, es la gesti\u00f3n de la mierda, el excremento, el pip\u00ed, fermento regurgitado, resto alimenticio y grasa acumulada o, en palabras de la autora, sudor, caca, rabia, pis\u00bb. La sexualidad es entonces charca de heces, fango, la renuncia a los contornos de la propia identidad, un derrame de fluidos en perpetua confusi\u00f3n: &#8220;ser\u00e9 idealmente defecada orinada salivada menstruada eyaculada parida vomitada por ti&#8221; o &#8220;alguna vez me he buscado \/ entre tus heces&#8221; escribe una Carla Nyman en estado de Diosa\u00bb.<br>\u2014 <strong>Bego\u00f1a M\u00e9ndez<\/strong>.<\/p>\n\n\n\n<p><strong>Clic aqu\u00ed para leer un fragmento.<\/strong><\/p>\n<\/div>\n<\/div>\n\n\n\n<div style=\"height:60px\" aria-hidden=\"true\" class=\"wp-block-spacer\"><\/div>\n\n\n\n<div class=\"wp-block-columns is-layout-flex wp-container-core-columns-is-layout-28f84493 wp-block-columns-is-layout-flex\">\n<div class=\"wp-block-column is-layout-flow wp-block-column-is-layout-flow\" style=\"flex-basis:33.33%\">\n<figure class=\"wp-block-image size-large is-resized has-custom-border is-style-default wp-duotone-unset-1\" style=\"margin-right:0;margin-left:0\"><a href=\"https:\/\/almuzaralibros.com\/fichalibro.php?libro=7253&amp;edi=13\" target=\"_blank\" rel=\" noreferrer noopener\"><img loading=\"lazy\" decoding=\"async\" width=\"668\" height=\"1024\" src=\"https:\/\/carlanyman.com\/wp-content\/uploads\/2025\/06\/Captura-de-pantalla-2025-06-24-a-las-12.00.56-1-668x1024.png\" alt=\"\" class=\"wp-image-356\" style=\"border-style:none;border-width:0px;width:300px;height:auto\" srcset=\"https:\/\/carlanyman.com\/wp-content\/uploads\/2025\/06\/Captura-de-pantalla-2025-06-24-a-las-12.00.56-1-668x1024.png 668w, https:\/\/carlanyman.com\/wp-content\/uploads\/2025\/06\/Captura-de-pantalla-2025-06-24-a-las-12.00.56-1-196x300.png 196w, https:\/\/carlanyman.com\/wp-content\/uploads\/2025\/06\/Captura-de-pantalla-2025-06-24-a-las-12.00.56-1-768x1178.png 768w, https:\/\/carlanyman.com\/wp-content\/uploads\/2025\/06\/Captura-de-pantalla-2025-06-24-a-las-12.00.56-1.png 970w\" sizes=\"auto, (max-width: 668px) 100vw, 668px\" \/><\/a><\/figure>\n<\/div>\n\n\n\n<div class=\"wp-block-column is-layout-flow wp-block-column-is-layout-flow\" style=\"flex-basis:66.66%\">\n<p class=\"has-tertiary-color has-text-color has-link-color wp-elements-c9dc2ca7706c5128255b2363f45a72fe\" style=\"font-size:clamp(21.536px, 1.346rem + ((1vw - 3.2px) * 1.53), 35px);\"><strong>QUIERO VER C\u00d3MO LA GENTE SIN CUERPOS HACE EL AMOR<\/strong><\/p>\n\n\n\n<p>Las mujeres de estas tres obras amaron a todos los hombres. Ahora se encierran en un jard\u00edn, una casa, tal vez una isla, un ordenador, a veces un museo, donde siempre nieva o llueve, una nieve muy densa que hace del espacio un lugar irreal. Hablan con descaro del sexo masculino, del desvar\u00edo y la locura, para festejar el placer y el cuerpo. [&#8230;] No es a ellos a quienes buscan. Es el deseo. &#8220;Algo m\u00e1s profundo e irreal que un simple hombre. Porque el cuerpo tiene una memoria prehist\u00f3rica. Y es insaciable&#8221;.<\/p>\n\n\n\n<p><strong>Clic aqu\u00ed para leer un fragmento.<\/strong><\/p>\n<\/div>\n<\/div>\n\n\n\n<div style=\"height:80px\" aria-hidden=\"true\" class=\"wp-block-spacer\"><\/div>\n\n\n\n<div class=\"wp-block-columns is-layout-flex wp-container-core-columns-is-layout-28f84493 wp-block-columns-is-layout-flex\">\n<div class=\"wp-block-column is-layout-flow wp-block-column-is-layout-flow\" style=\"flex-basis:33.33%\">\n<figure class=\"wp-block-image size-large is-resized has-custom-border\"><a href=\"https:\/\/valparaisoediciones.es\/tienda\/poesia\/572-228-movernos-en-la-sed.html\" target=\"_blank\" rel=\" noreferrer noopener\"><img loading=\"lazy\" decoding=\"async\" width=\"659\" height=\"1024\" src=\"https:\/\/carlanyman.com\/wp-content\/uploads\/2025\/06\/61NJ37RaQ7S._SL1200_-1-659x1024.jpg\" alt=\"\" class=\"wp-image-358\" style=\"border-style:none;border-width:0px;width:300px;height:auto\" srcset=\"https:\/\/carlanyman.com\/wp-content\/uploads\/2025\/06\/61NJ37RaQ7S._SL1200_-1-659x1024.jpg 659w, https:\/\/carlanyman.com\/wp-content\/uploads\/2025\/06\/61NJ37RaQ7S._SL1200_-1-193x300.jpg 193w, https:\/\/carlanyman.com\/wp-content\/uploads\/2025\/06\/61NJ37RaQ7S._SL1200_-1-768x1194.jpg 768w, https:\/\/carlanyman.com\/wp-content\/uploads\/2025\/06\/61NJ37RaQ7S._SL1200_-1.jpg 772w\" sizes=\"auto, (max-width: 659px) 100vw, 659px\" \/><\/a><\/figure>\n<\/div>\n\n\n\n<div class=\"wp-block-column is-layout-flow wp-block-column-is-layout-flow\" style=\"flex-basis:66.66%\">\n<p class=\"has-tertiary-color has-text-color has-link-color wp-elements-b27f2feda2fbfd324ef6ab6cb5955342\" style=\"font-size:clamp(21.536px, 1.346rem + ((1vw - 3.2px) * 1.53), 35px);\"><strong>MOVERNOS EN LA SED<\/strong><\/p>\n\n\n\n<p>\u00abHay palabras que no sirven para nada: cuerpo, luz, deseo. No sirven para nada porque sirven para todo, porque pronunciarlas es atraer hacia la tierra a todos los cuerpos extra\u00f1os que la har\u00edan estallar, y al mismo tiempo es como mecerla levemente, dulcemente, como si alrededor de ella no ocurriera nada. [&#8230;] Carla Nyman restriega todos sus poemas contra nuestras manos y nos entrega lo mejor del g\u00e9nero que practica, esto es, una l\u00edrica que en vez de sentenciar, sugiere; que en vez de imponer, susurra, y que en vez de oprimir, ama\u00bb.<br>\u2014 <strong>Luna Miguel<\/strong>.<\/p>\n\n\n\n<p><strong>Clic aqu\u00ed para leer un fragmento.<\/strong><\/p>\n<\/div>\n<\/div>\n\n\n\n<div style=\"height:80px\" aria-hidden=\"true\" class=\"wp-block-spacer\"><\/div>\n\n\n\n<div class=\"wp-block-columns is-layout-flex wp-container-core-columns-is-layout-28f84493 wp-block-columns-is-layout-flex\">\n<div class=\"wp-block-column is-layout-flow wp-block-column-is-layout-flow\" style=\"flex-basis:33.33%\">\n<figure class=\"wp-block-image size-large is-resized\"><a class=\"\" href=\"https:\/\/www.torremozas.com\/p\/xxi-premio-gloria-fuertes-de-poesia-joven-2020-elegias-para-un-avion-comun\" target=\"_blank\" rel=\" noreferrer noopener\"><img loading=\"lazy\" decoding=\"async\" width=\"672\" height=\"1024\" src=\"https:\/\/carlanyman.com\/wp-content\/uploads\/2025\/06\/00000001-0000-0011-0000-000003232720-1-1-672x1024.jpg\" alt=\"\" class=\"wp-image-359\" style=\"width:300px\" srcset=\"https:\/\/carlanyman.com\/wp-content\/uploads\/2025\/06\/00000001-0000-0011-0000-000003232720-1-1-672x1024.jpg 672w, https:\/\/carlanyman.com\/wp-content\/uploads\/2025\/06\/00000001-0000-0011-0000-000003232720-1-1-197x300.jpg 197w, https:\/\/carlanyman.com\/wp-content\/uploads\/2025\/06\/00000001-0000-0011-0000-000003232720-1-1.jpg 709w\" sizes=\"auto, (max-width: 672px) 100vw, 672px\" \/><\/a><\/figure>\n<\/div>\n\n\n\n<div class=\"wp-block-column is-layout-flow wp-block-column-is-layout-flow\" style=\"flex-basis:66.66%\">\n<p class=\"has-tertiary-color has-text-color has-link-color wp-elements-1fc57d63496b490d58d6e7bceda3397d\" style=\"font-size:clamp(21.536px, 1.346rem + ((1vw - 3.2px) * 1.53), 35px);\"><strong>ELEG\u00cdAS PARA UN AVI\u00d3N COM\u00daN<\/strong><\/p>\n\n\n\n<p>Carla Nyman indaga en este libro en el terreno de la eleg\u00eda contempor\u00e1nea. No desde el dolor histri\u00f3nico y afectado del poeta posrom\u00e1ntico sino quiz\u00e1 desde el escozor con sordina, del malestar posmoderno, que prefiere dejarnos regiones sin dibujar para que seamos, nosotros mismos, los lectores, quienes pongamos rostro, nombre y apellidos, quienes coloreemos con nuestra propia vida los trazos limpios que esta poeta nos propone.<\/p>\n\n\n\n<p><strong>Clic aqu\u00ed para leer un fragmento.<\/strong><\/p>\n<\/div>\n<\/div>\n\n\n\n<div style=\"height:80px\" aria-hidden=\"true\" class=\"wp-block-spacer\"><\/div>\n","protected":false},"excerpt":{"rendered":"<p>TENER LA CARNE \u00abTremendamente perturbadora y divertida. Una novela donde el deseo y la muerte salen a tomar el sol\u00bb.\u2014 M\u00f3nica Ojeda \u00abCon toda la seguridad, uno de los debuts m\u00e1s originales del panorama literario espa\u00f1ol\u00bb.\u2014 Sara Barquinero Clic aqu\u00ed para leer un fragmento. L\u00cdQUIDA TUYA Y VERTEBRADA \u00abHay en L\u00edquida tuya y vertebrada una [&hellip;]<\/p>\n","protected":false},"author":1,"featured_media":0,"parent":0,"menu_order":0,"comment_status":"closed","ping_status":"closed","template":"","meta":{"footnotes":""},"class_list":["post-543","page","type-page","status-publish","hentry"],"_links":{"self":[{"href":"https:\/\/carlanyman.com\/index.php\/wp-json\/wp\/v2\/pages\/543","targetHints":{"allow":["GET"]}}],"collection":[{"href":"https:\/\/carlanyman.com\/index.php\/wp-json\/wp\/v2\/pages"}],"about":[{"href":"https:\/\/carlanyman.com\/index.php\/wp-json\/wp\/v2\/types\/page"}],"author":[{"embeddable":true,"href":"https:\/\/carlanyman.com\/index.php\/wp-json\/wp\/v2\/users\/1"}],"replies":[{"embeddable":true,"href":"https:\/\/carlanyman.com\/index.php\/wp-json\/wp\/v2\/comments?post=543"}],"version-history":[{"count":4,"href":"https:\/\/carlanyman.com\/index.php\/wp-json\/wp\/v2\/pages\/543\/revisions"}],"predecessor-version":[{"id":588,"href":"https:\/\/carlanyman.com\/index.php\/wp-json\/wp\/v2\/pages\/543\/revisions\/588"}],"wp:attachment":[{"href":"https:\/\/carlanyman.com\/index.php\/wp-json\/wp\/v2\/media?parent=543"}],"curies":[{"name":"wp","href":"https:\/\/api.w.org\/{rel}","templated":true}]}}